{"id":1707,"date":"2021-07-05T07:56:32","date_gmt":"2021-07-05T07:56:32","guid":{"rendered":"https:\/\/clinicacastelldefels.com\/politica-de-privacitat\/"},"modified":"2021-07-05T07:56:32","modified_gmt":"2021-07-05T07:56:32","slug":"politica-de-privacitat","status":"publish","type":"page","link":"https:\/\/clinicacastelldefels.com\/ca\/politica-de-privacitat\/","title":{"rendered":"Pol\u00edtica de Privacitat"},"content":{"rendered":"<p>Denominaci\u00f3 Social: <strong>Clinica Castelldefels, SL<\/strong><\/p>\n<p>Domicilio Social: <strong>Av 300, N\u00ba 20 &#8211; 08860 Castelldefels<\/strong><\/p>\n<p>C.I.F.: B60859865<\/p>\n<ul>\n<li>Registre Mercantil de Barcelona, Tomo 28511, Foli 13, Fulla N\u00ba B-138.415, Inscripci\u00f3 3a.<\/li>\n<li>E-mail: info@clinicacastelldefels.com<\/li>\n<\/ul>\n<p>Nom de domini: <strong>www.clinicacastelldefels.com<\/strong><\/p>\n<p>&nbsp;<\/p>\n<p>De conformitat amb el que es disposa en el Reglament (UE) 2016\/679 del Parlament Europeu i del Consell, de 27 d&#8217;abril de 2016, relatiu a la protecci\u00f3 de les persones fisiques i la Llei org\u00e0nica 3\/2018, de 5 de desembre, de Protecci\u00f3 de Dades Personals i garantia dels drets digitals, la seva normativa de desenvolupament, i la LSSICE 34\/2002, d&#8217;11 de juliol, de la Societat de la Informaci\u00f3 i de Comer\u00e7 Electr\u00f2nic, <strong>Clinica Castelldefels, SLen compliment del que es disposa, informa a tots els usuaris que facilitin o vagin a facilitar les seves dades personals, que aquests seran incorporats en un fitxer automatitzat que es troba degudament inscrit en l&#8217;Ag\u00e8ncia Espanyola de Protecci\u00f3 de Dades.<\/strong><br \/>\nEls usuaris, accepten expressament i de manera lliure i inequivoca que les seves dades personals siguin tractats per part de<strong>Clinica Castelldefels, SL <\/strong>para realitzar les seg\u00fcents finalitats:<\/p>\n<ul>\n<li>Remissi\u00f3 de comunicacions comercials publicit\u00e0ries per e-mail, fax, SMS, MMS, comunitats socials o qualssevol altre mitj\u00e0 electr\u00f2nic o fisic, present o futur, que possibiliti realitzar comunicacions comercials, sempre que s&#8217;hagi autoritzat pr\u00e8viament mitjan\u00e7ant la marcaci\u00f3 de la casella d&#8217;autoritzaci\u00f3 en el formulari web. Aquestes comunicacions comercials seran relacionades sobre productes o serveis oferts per, <strong>Clinica Castelldefels, SL<\/strong>aixi com per part dels col\u00b7laboradors o partners amb els quals aquest hagu\u00e9s aconseguit algun acord de promoci\u00f3 comercial entre els seus clients. En aquest cas, els tercers mai tindran acc\u00e9s a les dades personals. En tot cas les comunicacions comercials seran realitzades per part de <strong>Clinica Castelldefels, SL<\/strong>i seran de productes i serveis relacionats amb el sector de<strong>Clinica Castelldefels,<\/strong><strong>SL<\/strong><\/li>\n<li>Realitzar estudis estadistics.<\/li>\n<li>Tramitar enc\u00e0rrecs, sol\u00b7licituds o qualsevol tipus de petici\u00f3 que sigui realitzada per l&#8217;usuari a trav\u00e9s de qualsevol de les formes de contacte que es posen a la disposici\u00f3 de l&#8217;usuari en Clinica Castelldefels, SL<strong><\/strong><\/li>\n<\/ul>\n<p>&nbsp;<\/p>\n<p><strong>Clinica Castelldefels, SL <\/strong>informa i garanteix expressament als usuaris que les seves dades personals no seran cedits en cap cas a terceres companyies, i que sempre que an\u00e9s a realitzar-se algun tipus de cessi\u00f3 de dades personals, de manera pr\u00e8via, se sol\u00b7licitaria el consentiment expr\u00e9s, informat, i inequivoc per part dels titulars.<br \/>\nMitjan\u00e7ant l&#8217;emplenament i enviament dels corresponents formularis d&#8217;aquesta web, l&#8217;Usuari accepta i autoritza que les seves dades personals siguin objecte de tractament automatitzat per part de <strong> Clinica Castelldefels, SL. En cas que Vost\u00e8 inclogui en els formularis d&#8217;aquesta web, dades de car\u00e0cter personal titularitat de terceres persones deur\u00e0, amb car\u00e0cter previ a la seva inclusi\u00f3, obtenir el seu consentiment i informar-lo dels extrems continguts en els par\u00e0grafs anteriors.<\/strong> Aixi mateix en el sup\u00f2sit que es produeixi una transfer\u00e8ncia internacional de dades, l&#8217;usuari en acceptar la present Politica de Privacitat dona el seu consentiment perqu\u00e8 la mateixa es pugui realitzar.<\/p>\n<p>Totes les dades sol\u00b7licitades a trav\u00e9s de<strong>Clinica Castelldefels, SL<\/strong>s\u00f3n obligatoris, ja que s\u00f3n necessaris per a la prestaci\u00f3 d&#8217;un servei \u00f2ptim a l&#8217;usuari. En cas que no siguin facilitats totes les dades, <strong>Clinica Castelldefels, SL<\/strong>no garanteix que la informaci\u00f3 i serveis facilitats siguin completament ajustats a les seves necessitats.<\/p>\n<p>Per a poder accedir a \u201czona reservada a clients\u201d l&#8217;usuari rebr\u00e0 a la seva adre\u00e7a de correu un codi d&#8217;usuari i clau d&#8217;acc\u00e9s que haur\u00e0 d&#8217;introduir en la Web. Aixi mateix, l&#8217;usuari es compromet a tractar amb confidencialitat de la identitat i contrasenya obtingudes en l&#8217;alta d&#8217;usuari, no podent cedir-la a un tercer.<br \/>\n<strong>Clinica Castelldefels, SL<\/strong> garanteix en tot cas a l&#8217;usuari l&#8217;exercici dels drets d&#8217;acc\u00e9s, rectificaci\u00f3, cancel\u00b7laci\u00f3, informaci\u00f3 i oposici\u00f3, en els termes disposats en la legislaci\u00f3 vigent. Per aix\u00f2, de conformitat amb el que es disposa en el Reglament (UE) 2016\/679 del Parlament Europeu i del Consell, de 27 d&#8217;abril de 2016, relatiu a la protecci\u00f3 de les persones fisiques i la Llei org\u00e0nica 3\/2018, de 5 de desembre, de Protecci\u00f3 de Dades Personals i garantia dels drets digitals, podr\u00e0 exercir els seus drets remetent una sol\u00b7licitud expressa, al costat d&#8217;una c\u00f2pia del seu DNI, a trav\u00e9s dels seg\u00fcents mitjans:<\/p>\n<ul>\n<li>E-Mail: info@clinicacastelldefels.com<\/li>\n<li>Correo Postal: <strong>Av. 300, N\u00fam 20 &#8211; 08660 Castelldefels.<\/strong><\/li>\n<li>De la mateixa manera, l&#8217;usuari podr\u00e0 donar-se de baixa de qualsevol dels serveis de subscripci\u00f3 facilitats enviant un correu electr\u00f2nic a: info@clinicacastelldefels.com.<\/li>\n<\/ul>\n<p>De la mateixa manera, <strong>Clinica Castelldefels, SL<\/strong> ha adoptat totes les mesures t\u00e8cniques i d&#8217;organitzaci\u00f3 necess\u00e0ria per a garantir la seguretat i integritat de les dades de car\u00e0cter personal que tracti, aixi com per a evitar la seva p\u00e8rdua, alteraci\u00f3 i\/o acc\u00e9s per part de tercers no autoritzats.<\/p>\n<p>&nbsp;<\/p>\n<p><strong>SEGURETAT<\/strong><\/p>\n<p>&nbsp;<\/p>\n<p><strong>Clinica Castelldefels<\/strong>, SL utilitza t\u00e8cniques de seguretat de la informaci\u00f3 generalment acceptada en la ind\u00fastria, com ara firewalls, procediments de control d&#8217;acc\u00e9s i mecanismes criptogr\u00e0fics, tot aix\u00f2 a fi d&#8217;evitar l&#8217;acc\u00e9s no autoritzat a les dades. Per a aconseguir aquests fins, l&#8217;usuari\/client accepta que el prestador obtingui dades per a efectes de la corresponent autenticaci\u00f3 dels controls d&#8217;acc\u00e9s.<\/p>\n<p>&nbsp;<\/p>\n<p><strong>PROPIETAT INDUSTRIAL I INTEL\u00b7LECTUAL<\/strong><\/p>\n<p>Aquesta web \u00e9s propietat de <strong>Clinica Castelldefels, SL<\/strong> Els drets de Propietat Intel\u00b7lectual i drets d&#8217;explotaci\u00f3 i reproducci\u00f3 d&#8217;aquesta web, de les seves p\u00e0gines, pantalles, la Informaci\u00f3 que contenen, la seva aparen\u00e7a i disseny, aixi com els vincles (&#8220;hiperlinks&#8221;) que s&#8217;estableixin des d&#8217;ella a altres p\u00e0gines web de qualsevol societat filial i\/o dominada de <strong>Clinica Castelldefels, SL<\/strong>, s\u00f3n propietat exclusiva d&#8217;aquesta, tret que expressament s&#8217;especifiqui una altra cosa. Qualsevol denominaci\u00f3, disseny i\/o logotip, aixi com qualsevol producte o servei oferts i reflectits en aquesta p\u00e0gina web, s\u00f3n marques degudament registrades per <strong>Clinica Castelldefels, SL<\/strong>, per les seves societats filials i\/o dominades o per tercers. Qualsevol \u00fas indegut de les mateixes per persones diferents del seu legitim titular i sense el consentiment expr\u00e9s i inequivoc per part d&#8217;aquest podr\u00e0 ser denunciat i perseguit a trav\u00e9s de tots els mig legals existents en l&#8217;Ordenament Juridic espanyol i\/o comunitari.<\/p>\n<p>Els drets de propietat intel\u00b7lectual i marques de tercers estan destacats convenientment i han de ser respectats per tot aquell que accedeixi a aquesta p\u00e0gina, no sent responsabilitat de <strong>Clinica Castelldefels, SL<\/strong> l&#8217;\u00fas que l&#8217;usuari pugui dur a terme sobre aquest tema, recaient la responsabilitat exclusiva en la seva persona.<\/p>\n<p>Nom\u00e9s per a \u00fas personal i privat es permet descarregar els continguts, copiar o imprimir qualsevol p\u00e0gina d&#8217;aquesta web. Queda prohibit reproduir, transmetre, modificar o suprimir la informaci\u00f3, contingut o advertiments d&#8217;aquesta web sense la pr\u00e8via autoritzaci\u00f3 per escrit de Clinica Castelldefels, SL.<strong><\/strong><\/p>\n<p>Els continguts subministrats per <strong>Clinica Castelldefels, SL<\/strong> estan subjectes als drets de propietat intel\u00b7lectual i industrial i s\u00f3n titularitat exclusiva de <strong>Clinica Castelldefels, SL<\/strong> o de les persones fisiques o juridiques que s&#8217;informi. Mitjan\u00e7ant l&#8217;adquisici\u00f3 d&#8217;un producte o servei, <strong>Clinica Castelldefels, SL<\/strong> no confereix a l&#8217;adquirent cap dret d&#8217;alteraci\u00f3, explotaci\u00f3, reproducci\u00f3, distribuci\u00f3 o comunicaci\u00f3 p\u00fablica sobre aquest, reservant-se <strong>Clinica Castelldefels, SL<\/strong> tots aquests drets. La cessi\u00f3 dels citats drets precisar\u00e0 el previ consentiment per escrit per part del titular d&#8217;aquests, de manera que el client no podr\u00e0 posar a la disposici\u00f3 de terceres persones aquests continguts.<\/p>\n<p>La propietat intel\u00b7lectual s&#8217;est\u00e9n, a m\u00e9s del contingut incl\u00f2s en <strong>Clinica Castelldefels, SL<\/strong>, als seus gr\u00e0fics, logotips, dissenys, imatges i codis font utilitzat per a la seva programaci\u00f3.<\/p>\n<p><strong>Clinica Castelldefels, SL<\/strong> ha obtingut la Informaci\u00f3 i els materials inclosos en la web de fonts considerades com a fiables i, si b\u00e9 s&#8217;han pres mesures raonables per a assegurar-se que la informaci\u00f3 continguda sigui la correcta, <strong>Clinica Castelldefels, SL<\/strong>no pot garantir que en tot moment i circumst\u00e0ncia aquesta informaci\u00f3 sigui exacta, completa, actualitzada i, conseq\u00fcentment, no ha de confiar-se en ella com si ho fos. <strong>Clinica Castelldefels, SL<\/strong> declina expressament qualsevol responsabilitat per error o omissi\u00f3 en la Informaci\u00f3 continguda en les p\u00e0gines d&#8217;aquesta web.<\/p>\n<p><strong>Clinica Castelldefels, SL<\/strong> es reserva la facultat de modificar, suspendre, cancel\u00b7lar o restringir el contingut de la web, els vincles o la informaci\u00f3 obtinguda a trav\u00e9s d&#8217;ella, sense necessitat de previ avis. Aquesta, en cap cas, assumeix cap responsabilitat a conseq\u00fc\u00e8ncia de la incorrecta utilitzaci\u00f3 de la web que pugui dur a terme l&#8217;usuari, tant de la informaci\u00f3 com dels serveis en ella continguts.<\/p>\n<p>En cap cas <strong>Clinica Castelldefels, SL,<\/strong> les seves sucursals i\/o centres de treball, els seus directors i\/o apoderats, empleats i, en general, el personal autoritzat seran responsables de qualsevol mena de perjudici, p\u00e8rdues, reclamacions o despeses de cap mena, tant si procedeixen, directament o indirectament, de l&#8217;\u00fas i\/o difusi\u00f3 de la web o de la Informaci\u00f3 adquirida o accedida per o a trav\u00e9s d&#8217;aquesta, o dels seus virus inform\u00e0tics, de fallades operatives o d&#8217;interrupcions en el servei o transmissi\u00f3 o de fallades en la linia en l&#8217;\u00fas de la web, tant per connexi\u00f3 directa com per vincle o un altre mitj\u00e0, constituint amb car\u00e0cter general legals un avis a qualsevol usuari que aquestes possibilitats i esdeveniments poden oc\u00f3rrer.<\/p>\n<p><strong>Clinica Castelldefels, SL<\/strong> no es fa responsable de les webs no pr\u00f2pies a les quals es pugui accedir mitjan\u00e7ant vincles o enlla\u00e7os (&#8220;links&#8221;) o de qualsevol contingut posat a la disposici\u00f3 de tercers. Qualsevol \u00fas d&#8217;un vincle o acc\u00e9s a una web no pr\u00f2pia ser\u00e0 realitzat per voluntat i a risc i ventura exclusiva de l&#8217;usuari. <strong>Clinica Castelldefels, SL<\/strong> no recomana ni garanteix cap de la\/s Informaci\u00f3\/\u00e9s obtinguda\/s per o a trav\u00e9s d&#8217;un vincle, ni es responsabilitza de cap p\u00e8rdua, reclamaci\u00f3 o perjudici derivat de l&#8217;\u00fas o mal \u00fas d&#8217;un vincle, o de la Informaci\u00f3 obtinguda a trav\u00e9s d&#8217;ell, incloent altres vincles o webs, de la interrupci\u00f3 en el servei o en l&#8217;acc\u00e9s, o de l&#8217;intent d&#8217;usar o usar malament un vincle, tant en connectar a la web de <strong>Clinica Castelldefels, SL<\/strong> com en accedir a la informaci\u00f3 d&#8217;altres webs des d&#8217;aquesta.<\/p>\n<p>&nbsp;<\/p>\n<p><strong>LLEY APLICABLE<\/strong><\/p>\n<p>La llei aplicable en cas de disputa o conflicte d&#8217;interpretaci\u00f3 dels termes que conformen aquesta Politica de Privacitat, aixi com qualsevol q\u00fcesti\u00f3 relacionada amb els serveis de la present web, ser\u00e0 la llei espanyola.<\/p>\n","protected":false},"excerpt":{"rendered":"<p>Denominaci\u00f3 Social: Clinica Castelldefels, SL Domicilio Social: Av 300, N\u00ba 20 &#8211; 08860 Castelldefels C.I.F.: B60859865 Registre Mercantil de Barcelona, Tomo 28511, Foli 13, Fulla N\u00ba B-138.415, Inscripci\u00f3 3a. E-mail: info@clinicacastelldefels.com Nom de domini: www.clinicacastelldefels.com &nbsp; De conformitat amb el que es disposa en el Reglament (UE) 2016\/679 del Parlament Europeu i del Consell, de [&hellip;]<\/p>\n","protected":false},"author":1,"featured_media":0,"parent":0,"menu_order":0,"comment_status":"closed","ping_status":"open","template":"","meta":{"footnotes":""},"class_list":["post-1707","page","type-page","status-publish","hentry"],"yoast_head":"<!-- This site is optimized with the Yoast SEO plugin v19.13 - https:\/\/yoast.com\/wordpress\/plugins\/seo\/ -->\n<title>Pol\u00edtica de Privacitat - Cl\u00ednica Castelldefels<\/title>\n<meta name=\"robots\" content=\"index, follow, max-snippet:-1, max-image-preview:large, max-video-preview:-1\" \/>\n<link rel=\"canonical\" href=\"https:\/\/clinicacastelldefels.com\/ca\/politica-de-privacitat\/\" \/>\n<meta property=\"og:locale\" content=\"ca_ES\" \/>\n<meta property=\"og:type\" content=\"article\" \/>\n<meta property=\"og:title\" content=\"Pol\u00edtica de Privacitat - Cl\u00ednica Castelldefels\" \/>\n<meta property=\"og:description\" content=\"Denominaci\u00f3 Social: Clinica Castelldefels, SL Domicilio Social: Av 300, N\u00ba 20 &#8211; 08860 Castelldefels C.I.F.: B60859865 Registre Mercantil de Barcelona, Tomo 28511, Foli 13, Fulla N\u00ba B-138.415, Inscripci\u00f3 3a. E-mail: info@clinicacastelldefels.com Nom de domini: www.clinicacastelldefels.com &nbsp; De conformitat amb el que es disposa en el Reglament (UE) 2016\/679 del Parlament Europeu i del Consell, de [&hellip;]\" \/>\n<meta property=\"og:url\" content=\"https:\/\/clinicacastelldefels.com\/ca\/politica-de-privacitat\/\" \/>\n<meta property=\"og:site_name\" content=\"Cl\u00ednica Castelldefels\" \/>\n<meta property=\"article:publisher\" content=\"https:\/\/www.facebook.com\/clinicacastelldefels\/\" \/>\n<meta property=\"og:image\" content=\"https:\/\/clinicacastelldefels.com\/wp-content\/uploads\/2021\/06\/Copia-de-Cuidar-de-tu-salud-y-de-quienes-ma\u0301s-quieres-1.png\" \/>\n\t<meta property=\"og:image:width\" content=\"2000\" \/>\n\t<meta property=\"og:image:height\" content=\"1231\" \/>\n\t<meta property=\"og:image:type\" content=\"image\/png\" \/>\n<meta name=\"twitter:card\" content=\"summary_large_image\" \/>\n<meta name=\"twitter:label1\" content=\"Est. reading time\" \/>\n\t<meta name=\"twitter:data1\" content=\"9 minutes\" \/>\n<script type=\"application\/ld+json\" class=\"yoast-schema-graph\">{\"@context\":\"https:\/\/schema.org\",\"@graph\":[{\"@type\":\"WebPage\",\"@id\":\"https:\/\/clinicacastelldefels.com\/ca\/politica-de-privacitat\/\",\"url\":\"https:\/\/clinicacastelldefels.com\/ca\/politica-de-privacitat\/\",\"name\":\"Pol\u00edtica de Privacitat - Cl\u00ednica Castelldefels\",\"isPartOf\":{\"@id\":\"https:\/\/clinicacastelldefels.com\/#website\"},\"datePublished\":\"2021-07-05T07:56:32+00:00\",\"dateModified\":\"2021-07-05T07:56:32+00:00\",\"breadcrumb\":{\"@id\":\"https:\/\/clinicacastelldefels.com\/ca\/politica-de-privacitat\/#breadcrumb\"},\"inLanguage\":\"ca\",\"potentialAction\":[{\"@type\":\"ReadAction\",\"target\":[\"https:\/\/clinicacastelldefels.com\/ca\/politica-de-privacitat\/\"]}]},{\"@type\":\"BreadcrumbList\",\"@id\":\"https:\/\/clinicacastelldefels.com\/ca\/politica-de-privacitat\/#breadcrumb\",\"itemListElement\":[{\"@type\":\"ListItem\",\"position\":1,\"name\":\"Cl\u00ednica Castelldefels\",\"item\":\"https:\/\/clinicacastelldefels.com\/\"},{\"@type\":\"ListItem\",\"position\":2,\"name\":\"Pol\u00edtica de Privacitat\"}]},{\"@type\":\"WebSite\",\"@id\":\"https:\/\/clinicacastelldefels.com\/#website\",\"url\":\"https:\/\/clinicacastelldefels.com\/\",\"name\":\"Cl\u00ednica Castelldefels\",\"description\":\"\",\"potentialAction\":[{\"@type\":\"SearchAction\",\"target\":{\"@type\":\"EntryPoint\",\"urlTemplate\":\"https:\/\/clinicacastelldefels.com\/?s={search_term_string}\"},\"query-input\":\"required name=search_term_string\"}],\"inLanguage\":\"ca\"}]}<\/script>\n<!-- \/ Yoast SEO plugin. -->","yoast_head_json":{"title":"Pol\u00edtica de Privacitat - Cl\u00ednica Castelldefels","robots":{"index":"index","follow":"follow","max-snippet":"max-snippet:-1","max-image-preview":"max-image-preview:large","max-video-preview":"max-video-preview:-1"},"canonical":"https:\/\/clinicacastelldefels.com\/ca\/politica-de-privacitat\/","og_locale":"ca_ES","og_type":"article","og_title":"Pol\u00edtica de Privacitat - Cl\u00ednica Castelldefels","og_description":"Denominaci\u00f3 Social: Clinica Castelldefels, SL Domicilio Social: Av 300, N\u00ba 20 &#8211; 08860 Castelldefels C.I.F.: B60859865 Registre Mercantil de Barcelona, Tomo 28511, Foli 13, Fulla N\u00ba B-138.415, Inscripci\u00f3 3a. E-mail: info@clinicacastelldefels.com Nom de domini: www.clinicacastelldefels.com &nbsp; De conformitat amb el que es disposa en el Reglament (UE) 2016\/679 del Parlament Europeu i del Consell, de [&hellip;]","og_url":"https:\/\/clinicacastelldefels.com\/ca\/politica-de-privacitat\/","og_site_name":"Cl\u00ednica Castelldefels","article_publisher":"https:\/\/www.facebook.com\/clinicacastelldefels\/","og_image":[{"width":2000,"height":1231,"url":"https:\/\/clinicacastelldefels.com\/wp-content\/uploads\/2021\/06\/Copia-de-Cuidar-de-tu-salud-y-de-quienes-ma\u0301s-quieres-1.png","type":"image\/png"}],"twitter_card":"summary_large_image","twitter_misc":{"Est. reading time":"9 minutes"},"schema":{"@context":"https:\/\/schema.org","@graph":[{"@type":"WebPage","@id":"https:\/\/clinicacastelldefels.com\/ca\/politica-de-privacitat\/","url":"https:\/\/clinicacastelldefels.com\/ca\/politica-de-privacitat\/","name":"Pol\u00edtica de Privacitat - Cl\u00ednica Castelldefels","isPartOf":{"@id":"https:\/\/clinicacastelldefels.com\/#website"},"datePublished":"2021-07-05T07:56:32+00:00","dateModified":"2021-07-05T07:56:32+00:00","breadcrumb":{"@id":"https:\/\/clinicacastelldefels.com\/ca\/politica-de-privacitat\/#breadcrumb"},"inLanguage":"ca","potentialAction":[{"@type":"ReadAction","target":["https:\/\/clinicacastelldefels.com\/ca\/politica-de-privacitat\/"]}]},{"@type":"BreadcrumbList","@id":"https:\/\/clinicacastelldefels.com\/ca\/politica-de-privacitat\/#breadcrumb","itemListElement":[{"@type":"ListItem","position":1,"name":"Cl\u00ednica Castelldefels","item":"https:\/\/clinicacastelldefels.com\/"},{"@type":"ListItem","position":2,"name":"Pol\u00edtica de Privacitat"}]},{"@type":"WebSite","@id":"https:\/\/clinicacastelldefels.com\/#website","url":"https:\/\/clinicacastelldefels.com\/","name":"Cl\u00ednica Castelldefels","description":"","potentialAction":[{"@type":"SearchAction","target":{"@type":"EntryPoint","urlTemplate":"https:\/\/clinicacastelldefels.com\/?s={search_term_string}"},"query-input":"required name=search_term_string"}],"inLanguage":"ca"}]}},"_links":{"self":[{"href":"https:\/\/clinicacastelldefels.com\/ca\/wp-json\/wp\/v2\/pages\/1707","targetHints":{"allow":["GET"]}}],"collection":[{"href":"https:\/\/clinicacastelldefels.com\/ca\/wp-json\/wp\/v2\/pages"}],"about":[{"href":"https:\/\/clinicacastelldefels.com\/ca\/wp-json\/wp\/v2\/types\/page"}],"author":[{"embeddable":true,"href":"https:\/\/clinicacastelldefels.com\/ca\/wp-json\/wp\/v2\/users\/1"}],"replies":[{"embeddable":true,"href":"https:\/\/clinicacastelldefels.com\/ca\/wp-json\/wp\/v2\/comments?post=1707"}],"version-history":[{"count":0,"href":"https:\/\/clinicacastelldefels.com\/ca\/wp-json\/wp\/v2\/pages\/1707\/revisions"}],"wp:attachment":[{"href":"https:\/\/clinicacastelldefels.com\/ca\/wp-json\/wp\/v2\/media?parent=1707"}],"curies":[{"name":"wp","href":"https:\/\/api.w.org\/{rel}","templated":true}]}}