{"id":1705,"date":"2021-07-05T07:57:43","date_gmt":"2021-07-05T07:57:43","guid":{"rendered":"https:\/\/clinicacastelldefels.com\/politica-de-cookies\/"},"modified":"2021-07-05T07:57:43","modified_gmt":"2021-07-05T07:57:43","slug":"politica-de-cookies","status":"publish","type":"page","link":"https:\/\/clinicacastelldefels.com\/ca\/politica-de-cookies\/","title":{"rendered":"Pol\u00edtica de Cookies"},"content":{"rendered":"<p>Una &#8220;Cookie&#8221; \u00e9s un petit arxiu que s&#8217;emmagatzema en l&#8217;ordinador de l&#8217;usuari i ens permet recon\u00e8ixer-li. El conjunt de &#8220;cookies&#8221; ens ajuda a millorar la qualitat de la nostra web, permetent-nos controlar quines p\u00e0gines troben els nostres usuaris \u00fatils i quins no.<\/p>\n<p>Les cookies s\u00f3n essencials per al funcionament d&#8217;internet, aportant innombrables avantatges en la prestaci\u00f3 de serveis interactius, facilitant-li la navegaci\u00f3 i usabilitat de la nostra web. Tingui en compte que les cookies no poden danyar el seu equip i que, a canvi, el que estiguin activades ens ajuden a identificar i resoldre els errors.<\/p>\n<p>La informaci\u00f3 que li proporcionem a continuaci\u00f3, l&#8217;ajudar\u00e0 a comprendre els diferents tipus de cookies:<\/p>\n<ul>\n<li>\n<div align=\"justify\"><strong>Cookies de sesi\u00f3:<\/strong> s\u00f3n cookies temporals que romanen en l&#8217;arxiu de cookies del seu navegador fins que abandoni la p\u00e0gina web, per la qual cosa cap queda registrada en el disc dur de l&#8217;usuari. La informaci\u00f3 obtinguda per mitj\u00e0 d&#8217;aquestes cookies, serveixen per a analitzar pautes de tr\u00e0nsit en la web. A la llarga, aix\u00f2 ens permet proporcionar una millor experi\u00e8ncia per a millorar el contingut i facilitant el seu \u00fas.<\/div>\n<\/li>\n<li>\n<div align=\"justify\"><strong>Cookies permanents: s\u00f3n emmagatzemades en el disc dur i la nostra web les llegeix cada vegada que vost\u00e8 realitza una nova visita.<\/strong> Una cookie permanent posseeix una data d&#8217;expiraci\u00f3 determinada. La cookie deixar\u00e0 de funcionar despr\u00e9s d&#8217;aquesta data.<\/div>\n<\/li>\n<\/ul>\n<p>A continuaci\u00f3 publiquem una relaci\u00f3 de les principals cookies utilitzades en la nostra Web, distingint:<\/p>\n<ul>\n<li>\n<div align=\"justify\"><strong> Les cookies estrictament necess\u00e0ries, necess\u00e0ries com per exemple, aquelles que serveixin per a una correcta navegaci\u00f3 o les que permetin realitzar serveis sol\u00b7licitats per l&#8217;usuari o cookies que serveixin per a assegurar que el contingut de la p\u00e0gina web es carrega efica\u00e7ment.<\/strong><\/div>\n<\/li>\n<li>\n<div align=\"justify\"><strong>Les cookies de tercers, tercers com per exemple, les usades per xarxes socials, o per complements externs de contingut.<\/strong><\/div>\n<\/li>\n<li>\n<div align=\"justify\"><strong>Les cookies analitiques, amb prop\u00f2sits de manteniment peri\u00f2dic, i a fi de garantir el millor servei possible a l&#8217;usuari, els llocs web\u00b4s fan \u00fas normalment de cookies &#8220;analitiques&#8221; per a recopilar dades estadistiques de l&#8217;activitat .<\/strong><\/div>\n<\/li>\n<\/ul>\n<p>&nbsp;<\/p>\n<p><strong>RELACI\u00d3 I DESCRIPCI\u00d3 DE LES COOKIES QUE UTILITZEM EN LA P\u00c0GINA WEB:<\/strong><br \/>\nLa taula que publiquem a continuaci\u00f3 recull de forma esquematitzada les cookies que utilitzem en la nostra p\u00e0gina web:<\/p>\n<p>&nbsp;<\/p>\n<table border=\"1\" width=\"700\" align=\"center\">\n<tbody>\n<tr>\n<td><strong>Cookie<\/strong><\/td>\n<td><strong>Nom<\/strong><\/td>\n<td><strong>Finalitat \/ M\u00e9s informaci\u00f3<\/strong><\/td>\n<td><strong>Venciment<\/strong><\/td>\n<\/tr>\n<tr>\n<td><\/td>\n<td>SID_CLIN<\/td>\n<td>Cookie temporal, que permet a l&#8217;usuari la navegaci\u00f3 a trav\u00e9s, plataforma, i identificaci\u00f3 de la sessi\u00f3.<\/td>\n<td>Sesi\u00f3<\/td>\n<\/tr>\n<tr>\n<td><\/td>\n<td>NID<\/td>\n<td>En el nostre Lloc web usem Google Maps per a visualitzar ubicacions geogr\u00e0fiques. El seu \u00fas implica la remissi\u00f3 de les cookies; PREF, NID, SNID, khcookie, a m\u00e9s de les cookies que Google requereix si mant\u00e9 la sessi\u00f3 activa amb el seu compte, gestionada enterament per Google.<\/td>\n<td>6 mesos<\/td>\n<\/tr>\n<\/tbody>\n<\/table>\n<p>&nbsp;<\/p>\n<p><strong>Garanties complement\u00e0ries \u2013 Gesti\u00f3 de cookies:<\/strong><br \/>\nCom a garantia complement\u00e0ria a les anteriorment descrites, el registre de les cookies podr\u00e0 estar subjecte a la seva acceptaci\u00f3 durant la instal\u00b7laci\u00f3 o posada al dia del navegador usat, i aquesta acceptaci\u00f3 pot en tot moment ser revocada mitjan\u00e7ant les opcions de configuraci\u00f3 de continguts i privacitat disponibles. Molts navegadors permeten activar una manera privada mitjan\u00e7ant el qual les cookies s&#8217;esborren sempre despr\u00e9s de la seva visita. Depenent de cada navegador aquesta manera privada, pot tenir diferents noms. A continuaci\u00f3 trobar\u00e0 una llista dels navegadors m\u00e9s comuns i els diferents noms d&#8217;aquesta \u201cmanera privada\u201d:<\/p>\n<p><strong>Internet Explorer 8<\/strong> y superior; InPrivate <strong>Safari 2<\/strong> y superior; Navegaci\u00f3n Privada <strong>Opera 10.5<\/strong> y superior; Navegaci\u00f3n Privada <strong>FireFox 3.5<\/strong> y superior; Navegaci\u00f3n Privada <strong>Google Chrome 10<\/strong> y superior; Inc\u00f3gnito<\/p>\n<p><strong> Important: Si us plau, llegeixi atentament la secci\u00f3 d&#8217;ajuda del seu navegador per a con\u00e8ixer m\u00e9s sobre com activar la \u201cmanera privada\u201d.<\/strong> Podr\u00e0 continuar visitant la nostra web encara que el seu navegador estigui en \u201cmanera privada\u201d, si b\u00e9, la seva navegaci\u00f3 per la nostra web pot no ser \u00f2ptima i algunes utilitats poden no funcionar correctament.<strong><\/strong><\/p>\n<p>NOTA: la informaci\u00f3 oferta \u00e9s amb data Maig\/2017 i l&#8217;informem que amb el pas del temps pot no resultar exhaustiva, a pesar que peri\u00f2dicament la present politica de cookies \u00e9s revisada.<\/p>\n","protected":false},"excerpt":{"rendered":"<p>Una &#8220;Cookie&#8221; \u00e9s un petit arxiu que s&#8217;emmagatzema en l&#8217;ordinador de l&#8217;usuari i ens permet recon\u00e8ixer-li. El conjunt de &#8220;cookies&#8221; ens ajuda a millorar la qualitat de la nostra web, permetent-nos controlar quines p\u00e0gines troben els nostres usuaris \u00fatils i quins no. Les cookies s\u00f3n essencials per al funcionament d&#8217;internet, aportant innombrables avantatges en la [&hellip;]<\/p>\n","protected":false},"author":1,"featured_media":0,"parent":0,"menu_order":0,"comment_status":"closed","ping_status":"open","template":"","meta":{"footnotes":""},"class_list":["post-1705","page","type-page","status-publish","hentry"],"yoast_head":"<!-- This site is optimized with the Yoast SEO plugin v19.13 - https:\/\/yoast.com\/wordpress\/plugins\/seo\/ -->\n<title>Pol\u00edtica de Cookies - Cl\u00ednica Castelldefels<\/title>\n<meta name=\"robots\" content=\"index, follow, max-snippet:-1, max-image-preview:large, max-video-preview:-1\" \/>\n<link rel=\"canonical\" href=\"https:\/\/clinicacastelldefels.com\/ca\/politica-de-cookies\/\" \/>\n<meta property=\"og:locale\" content=\"ca_ES\" \/>\n<meta property=\"og:type\" content=\"article\" \/>\n<meta property=\"og:title\" content=\"Pol\u00edtica de Cookies - Cl\u00ednica Castelldefels\" \/>\n<meta property=\"og:description\" content=\"Una &#8220;Cookie&#8221; \u00e9s un petit arxiu que s&#8217;emmagatzema en l&#8217;ordinador de l&#8217;usuari i ens permet recon\u00e8ixer-li. El conjunt de &#8220;cookies&#8221; ens ajuda a millorar la qualitat de la nostra web, permetent-nos controlar quines p\u00e0gines troben els nostres usuaris \u00fatils i quins no. Les cookies s\u00f3n essencials per al funcionament d&#8217;internet, aportant innombrables avantatges en la [&hellip;]\" \/>\n<meta property=\"og:url\" content=\"https:\/\/clinicacastelldefels.com\/ca\/politica-de-cookies\/\" \/>\n<meta property=\"og:site_name\" content=\"Cl\u00ednica Castelldefels\" \/>\n<meta property=\"article:publisher\" content=\"https:\/\/www.facebook.com\/clinicacastelldefels\/\" \/>\n<meta property=\"og:image\" content=\"https:\/\/clinicacastelldefels.com\/wp-content\/uploads\/2021\/06\/Copia-de-Cuidar-de-tu-salud-y-de-quienes-ma\u0301s-quieres-1.png\" \/>\n\t<meta property=\"og:image:width\" content=\"2000\" \/>\n\t<meta property=\"og:image:height\" content=\"1231\" \/>\n\t<meta property=\"og:image:type\" content=\"image\/png\" \/>\n<meta name=\"twitter:card\" content=\"summary_large_image\" \/>\n<meta name=\"twitter:label1\" content=\"Est. reading time\" \/>\n\t<meta name=\"twitter:data1\" content=\"3 minutes\" \/>\n<script type=\"application\/ld+json\" class=\"yoast-schema-graph\">{\"@context\":\"https:\/\/schema.org\",\"@graph\":[{\"@type\":\"WebPage\",\"@id\":\"https:\/\/clinicacastelldefels.com\/ca\/politica-de-cookies\/\",\"url\":\"https:\/\/clinicacastelldefels.com\/ca\/politica-de-cookies\/\",\"name\":\"Pol\u00edtica de Cookies - Cl\u00ednica Castelldefels\",\"isPartOf\":{\"@id\":\"https:\/\/clinicacastelldefels.com\/#website\"},\"datePublished\":\"2021-07-05T07:57:43+00:00\",\"dateModified\":\"2021-07-05T07:57:43+00:00\",\"breadcrumb\":{\"@id\":\"https:\/\/clinicacastelldefels.com\/ca\/politica-de-cookies\/#breadcrumb\"},\"inLanguage\":\"ca\",\"potentialAction\":[{\"@type\":\"ReadAction\",\"target\":[\"https:\/\/clinicacastelldefels.com\/ca\/politica-de-cookies\/\"]}]},{\"@type\":\"BreadcrumbList\",\"@id\":\"https:\/\/clinicacastelldefels.com\/ca\/politica-de-cookies\/#breadcrumb\",\"itemListElement\":[{\"@type\":\"ListItem\",\"position\":1,\"name\":\"Cl\u00ednica Castelldefels\",\"item\":\"https:\/\/clinicacastelldefels.com\/\"},{\"@type\":\"ListItem\",\"position\":2,\"name\":\"Pol\u00edtica de Cookies\"}]},{\"@type\":\"WebSite\",\"@id\":\"https:\/\/clinicacastelldefels.com\/#website\",\"url\":\"https:\/\/clinicacastelldefels.com\/\",\"name\":\"Cl\u00ednica Castelldefels\",\"description\":\"\",\"potentialAction\":[{\"@type\":\"SearchAction\",\"target\":{\"@type\":\"EntryPoint\",\"urlTemplate\":\"https:\/\/clinicacastelldefels.com\/?s={search_term_string}\"},\"query-input\":\"required name=search_term_string\"}],\"inLanguage\":\"ca\"}]}<\/script>\n<!-- \/ Yoast SEO plugin. -->","yoast_head_json":{"title":"Pol\u00edtica de Cookies - Cl\u00ednica Castelldefels","robots":{"index":"index","follow":"follow","max-snippet":"max-snippet:-1","max-image-preview":"max-image-preview:large","max-video-preview":"max-video-preview:-1"},"canonical":"https:\/\/clinicacastelldefels.com\/ca\/politica-de-cookies\/","og_locale":"ca_ES","og_type":"article","og_title":"Pol\u00edtica de Cookies - Cl\u00ednica Castelldefels","og_description":"Una &#8220;Cookie&#8221; \u00e9s un petit arxiu que s&#8217;emmagatzema en l&#8217;ordinador de l&#8217;usuari i ens permet recon\u00e8ixer-li. El conjunt de &#8220;cookies&#8221; ens ajuda a millorar la qualitat de la nostra web, permetent-nos controlar quines p\u00e0gines troben els nostres usuaris \u00fatils i quins no. Les cookies s\u00f3n essencials per al funcionament d&#8217;internet, aportant innombrables avantatges en la [&hellip;]","og_url":"https:\/\/clinicacastelldefels.com\/ca\/politica-de-cookies\/","og_site_name":"Cl\u00ednica Castelldefels","article_publisher":"https:\/\/www.facebook.com\/clinicacastelldefels\/","og_image":[{"width":2000,"height":1231,"url":"https:\/\/clinicacastelldefels.com\/wp-content\/uploads\/2021\/06\/Copia-de-Cuidar-de-tu-salud-y-de-quienes-ma\u0301s-quieres-1.png","type":"image\/png"}],"twitter_card":"summary_large_image","twitter_misc":{"Est. reading time":"3 minutes"},"schema":{"@context":"https:\/\/schema.org","@graph":[{"@type":"WebPage","@id":"https:\/\/clinicacastelldefels.com\/ca\/politica-de-cookies\/","url":"https:\/\/clinicacastelldefels.com\/ca\/politica-de-cookies\/","name":"Pol\u00edtica de Cookies - Cl\u00ednica Castelldefels","isPartOf":{"@id":"https:\/\/clinicacastelldefels.com\/#website"},"datePublished":"2021-07-05T07:57:43+00:00","dateModified":"2021-07-05T07:57:43+00:00","breadcrumb":{"@id":"https:\/\/clinicacastelldefels.com\/ca\/politica-de-cookies\/#breadcrumb"},"inLanguage":"ca","potentialAction":[{"@type":"ReadAction","target":["https:\/\/clinicacastelldefels.com\/ca\/politica-de-cookies\/"]}]},{"@type":"BreadcrumbList","@id":"https:\/\/clinicacastelldefels.com\/ca\/politica-de-cookies\/#breadcrumb","itemListElement":[{"@type":"ListItem","position":1,"name":"Cl\u00ednica Castelldefels","item":"https:\/\/clinicacastelldefels.com\/"},{"@type":"ListItem","position":2,"name":"Pol\u00edtica de Cookies"}]},{"@type":"WebSite","@id":"https:\/\/clinicacastelldefels.com\/#website","url":"https:\/\/clinicacastelldefels.com\/","name":"Cl\u00ednica Castelldefels","description":"","potentialAction":[{"@type":"SearchAction","target":{"@type":"EntryPoint","urlTemplate":"https:\/\/clinicacastelldefels.com\/?s={search_term_string}"},"query-input":"required name=search_term_string"}],"inLanguage":"ca"}]}},"_links":{"self":[{"href":"https:\/\/clinicacastelldefels.com\/ca\/wp-json\/wp\/v2\/pages\/1705","targetHints":{"allow":["GET"]}}],"collection":[{"href":"https:\/\/clinicacastelldefels.com\/ca\/wp-json\/wp\/v2\/pages"}],"about":[{"href":"https:\/\/clinicacastelldefels.com\/ca\/wp-json\/wp\/v2\/types\/page"}],"author":[{"embeddable":true,"href":"https:\/\/clinicacastelldefels.com\/ca\/wp-json\/wp\/v2\/users\/1"}],"replies":[{"embeddable":true,"href":"https:\/\/clinicacastelldefels.com\/ca\/wp-json\/wp\/v2\/comments?post=1705"}],"version-history":[{"count":0,"href":"https:\/\/clinicacastelldefels.com\/ca\/wp-json\/wp\/v2\/pages\/1705\/revisions"}],"wp:attachment":[{"href":"https:\/\/clinicacastelldefels.com\/ca\/wp-json\/wp\/v2\/media?parent=1705"}],"curies":[{"name":"wp","href":"https:\/\/api.w.org\/{rel}","templated":true}]}}