{"id":1703,"date":"2021-06-09T14:42:30","date_gmt":"2021-06-09T14:42:30","guid":{"rendered":"https:\/\/clinicacastelldefels.com\/avis-legal\/"},"modified":"2021-06-09T14:42:30","modified_gmt":"2021-06-09T14:42:30","slug":"avis-legal","status":"publish","type":"page","link":"http:\/\/clinicacastelldefels.com\/ca\/avis-legal\/","title":{"rendered":"Av\u00eds Legal"},"content":{"rendered":"<p>Avis Legal<\/p>\n<p>A l&#8217;efecte del que disposa l&#8217;article 5 de la Llei org\u00e0nica 15\/1999 de protecci\u00f3 de dades de car\u00e0cter personal, i la LSSICE 34\/2002, d&#8217;11 de juliol, de la Societat de la Informaci\u00f3 i de Comer\u00e7 Electr\u00f2nic, pel qual es regula el dret d&#8217;informaci\u00f3 en la recollida de dades, l&#8217;informem que les seves dades personals quedaran incorporats i seran tractats en un fitxer titularitat de Clinica Castelldefels, S.L., amb la finalitat de poder satisfer el servei (donar resposta adequadament a preguntes i altres demandes). Mitjan\u00e7ant l&#8217;emplenament i enviament del corresponent Formulari, l&#8217;Usuari accepta i autoritza que les seves Dades Personals siguin objecte de tractament automatitzat per part de Clinica Castelldefels, S.L..<\/p>\n<p>Podr\u00e0 exercitar els seus drets d&#8217;acc\u00e9s, rectificaci\u00f3, cancel\u00b7laci\u00f3 i oposici\u00f3 prevists en la Llei, dirigint un escrit a Clinica Castelldefels, S.L., amb adre\u00e7a en: Av. 300, N\u00fam. 20. 08860 Castelldefels, o b\u00e9 enviar un correu electr\u00f2nic a: info@clinicacastelldefels.com<br \/>\nEn cas que Vost\u00e8 inclogui en el present formulari dades de car\u00e0cter personal titularitat de terceres persones deur\u00e0, amb car\u00e0cter previ a la seva inclusi\u00f3, obtenir el seu consentiment i informar-lo dels extrems continguts en el par\u00e0graf anterior.<\/p>\n<p>Els Usuaris garanteixen i responen, en qualsevol cas, de la veracitat, exactitud, vig\u00e8ncia i autenticitat de les Dades Personals facilitades, i es comprometen a mantenir-los degudament actualitzats.<\/p>\n<p class=\"p1\"><b>LLEI DELS SERVEIS DE LA SOCIETAT DE LA INFORMACI\u00d3 (LSSI)<\/b><\/p>\n<p>&nbsp;<\/p>\n<p class=\"p3\">CLINICA CASTELLDEFELS, S.L., responsable del lloc web, d&#8217;ara endavant RESPONSABLE, posa a la disposici\u00f3 dels usuaris el present document, amb el qual pret\u00e9n donar compliment a les obligacions disposades en la Llei 34\/2002, d&#8217;11 de juliol, de Serveis de la Societat de la Informaci\u00f3 i de Comer\u00e7 Electr\u00f2nic (LSSICE), BOE N \u00ba 166, aixi com informar a tots els usuaris del lloc web respecte a quins s\u00f3n les condicions d&#8217;\u00fas.<\/p>\n<p class=\"p3\">Tota persona que accedeixi a aquest lloc web assumeix el paper d&#8217;usuari, comprometent-se a l&#8217;observan\u00e7a i compliment rigor\u00f3s de les disposicions aqui disposades, aixi com a qualsevol altra disposici\u00f3 legal que fos aplicable.<\/p>\n<p class=\"p3\">CLINICA CASTELLDEFELS, S.L. es reserva el dret de modificar qualsevol tipus d&#8217;informaci\u00f3 que pogu\u00e9s apar\u00e8ixer en el lloc web, sense que existeixi obligaci\u00f3 de preavisar o posar en coneixement dels usuaris aquestes obligacions, entenent-se com a suficient amb la publicaci\u00f3 en el lloc web de CLINICA CASTELLDEFELS, S.L..<\/p>\n<p>&nbsp;<\/p>\n<p class=\"p4\"><b>1. DADES IDENTIFICATIVES<\/b><\/p>\n<p>&nbsp;<\/p>\n<p class=\"p4\">Nom de domini: www.clinicacastelldefels.com<br \/>\nNom comercial: Clinica Castelldefels<br \/>\nDenominaci\u00f3 social: Clinica Castelldefels, S.L.<br \/>\nC.I.F.: B60859865<br \/>\nDomicili social: Av 300, N\u00ba 20 &#8211; 08860 Castelldefels<br \/>\nTel\u00e9fon: 936363737<br \/>\ne-mail: info@clinicacastelldefels.com<br \/>\nInscrita en el Registre (Mercantil \/ P\u00fablic): Registre Mercantil de Barcelona, Tom 28511, Foli 13, Fulla N\u00fam. B-138.415, Inscripci\u00f3 3a.<\/p>\n<p>&nbsp;<\/p>\n<p class=\"p4\"><b>2. DRETS DE PROPIETAT INTEL\u00b7LECTUAL I INDUSTRIAL<\/b><\/p>\n<p>&nbsp;<\/p>\n<p class=\"p3\">El lloc web, incloent a titol enunciatiu per\u00f2 no limitatiu la seva programaci\u00f3, edici\u00f3, compilaci\u00f3 i altres elements necessaris per al seu funcionament, els dissenys, logotips, text i\/o gr\u00e0fics, s\u00f3n propietat del RESPONSABLE o, si \u00e9s el cas, disposa de llic\u00e8ncia o autoritzaci\u00f3 expressa per part dels autors. Tots els continguts del lloc web es troben degudament protegits per la normativa de propietat intel\u00b7lectual i industrial, aixi com inscrits en els registres p\u00fablics corresponents.<\/p>\n<p class=\"p3\">Independentment de la finalitat per a la qual fossin destinats, la reproducci\u00f3 total o parcial, \u00fas, explotaci\u00f3, distribuci\u00f3 i comercialitzaci\u00f3, requereix en tot cas de l&#8217;autoritzaci\u00f3 escrita pr\u00e8via per part del RESPONSABLE. Qualsevol \u00fas no autoritzat pr\u00e8viament es considera un incompliment greu dels drets de propietat intel\u00b7lectual o industrial de l&#8217;autor.<\/p>\n<p class=\"p3\">Els dissenys, logotips, text i\/o gr\u00e0fics aliens al RESPONSABLE i que poguessin apar\u00e8ixer en el lloc web, pertanyen als seus respectius propietaris, sent ells mateixos responsables de qualsevol possible controv\u00e8rsia que pogu\u00e9s suscitar-se respecte a aquests. El RESPONSABLE autoritza expressament al fet que tercers puguin redirigir directament als continguts concrets del lloc web, i en tot cas redirigir al lloc web principal de www.clinicacastelldefels.com.<\/p>\n<p class=\"p3\">El RESPONSABLE reconeix a favor dels seus titulars els corresponents drets de propietat intel\u00b7lectual i industrial, no implicant el seu sol esment o aparici\u00f3 en el lloc web l&#8217;exist\u00e8ncia de drets o cap responsabilitat sobre aquests, com tampoc suport, patrocini o recomanaci\u00f3 per part d&#8217;aquest.<\/p>\n<p>Per a realitzar qualsevol tipus d&#8217;observaci\u00f3 respecte a possibles incompliments dels drets de propietat intel\u00b7lectual o industrial, aixi com sobre qualsevol dels continguts del lloc web, pot fer-lo a trav\u00e9s del correu electr\u00f2nic info@clinicacastelldefels.com.<\/p>\n<p>&nbsp;<\/p>\n<p class=\"p3\"><b>3. EXEMPCI\u00d3 DE RESPONSABILITATS<\/b><\/p>\n<p>&nbsp;<\/p>\n<p class=\"p3\">El RESPONSABLE s&#8217;eximeix de qualsevol mena de responsabilitat derivada de la informaci\u00f3 publicada en el seu lloc web sempre que aquesta informaci\u00f3 hagi estat manipulada o introdu\u00efda per un tercer ali\u00e8 a aquest.<\/p>\n<p class=\"p3\"><b>\u00das de Cookies<\/b><\/p>\n<p class=\"p3\">Aquest lloc web de pot utilitzar cookies t\u00e8cniques (petits arxius d&#8217;informaci\u00f3 que el servidor envia a l&#8217;ordinador de qui accedeix a la p\u00e0gina) per a dur a terme determinades funcions que s\u00f3n considerades imprescindibles per al correcte funcionament i visualitzaci\u00f3 del lloc. Les cookies utilitzades tenen, en tot cas, car\u00e0cter temporal, amb l&#8217;\u00fanica finalitat de fer m\u00e9s efica\u00e7 la navegaci\u00f3, i desapareixen en acabar la sessi\u00f3 de l&#8217;usuari. En cap cas, aquestes cookies proporcionen per si mateixes dades de car\u00e0cter personal i no s&#8217;utilitzaran per a la recollida d&#8217;aquests.<\/p>\n<p class=\"p3\">Mitjan\u00e7ant l&#8217;\u00fas de cookies tamb\u00e9 \u00e9s possible que el servidor on es troba la web reconegui el navegador utilitzat per l&#8217;usuari amb la finalitat que la navegaci\u00f3 sigui m\u00e9s senzilla, permetent, per exemple, l&#8217;acc\u00e9s dels usuaris que s&#8217;hagin registrat pr\u00e8viament a les \u00e0rees, serveis, promocions o concursos reservats exclusivament a ells sense haver de registrar-se en cada visita. Tamb\u00e9 es poden utilitzar per a mesurar l&#8217;audi\u00e8ncia, par\u00e0metres de tr\u00e0nsit, controlar el progr\u00e9s i nombre d&#8217;entrades, etc, sent en aquests casos cookies prescindibles t\u00e8cnicament per\u00f2 beneficioses per a l&#8217;usuari. Aquest lloc web no instal\u00b7lar\u00e0 cookies prescindibles sense el consentiment previ de l&#8217;usuari<\/p>\n<p class=\"p3\">L&#8217;usuari t\u00e9 la possibilitat de configurar el seu navegador per a ser alertat de la recepci\u00f3 de cookies i per a impedir la seva instal\u00b7laci\u00f3 en el seu equip. Si us plau, consulti les instruccions del seu navegador per a ampliar aquesta informaci\u00f3.<\/p>\n<p class=\"p3\"><b>Politica d&#8217;enlla\u00e7os<\/b><\/p>\n<p class=\"p3\">Des del lloc web, \u00e9s possible que es redirigeixi a continguts de tercers llocs web. At\u00e8s que el RESPONSABLE no pot controlar sempre els continguts introdu\u00efts pels tercers en els seus respectius llocs web, no assumeix cap mena de responsabilitat respecte a aquests continguts. En tot cas, procedir\u00e0 a la retirada immediata de qualsevol contingut que pogu\u00e9s contravenir la legislaci\u00f3 nacional o internacional, la moral o l&#8217;ordre p\u00fablic, procedint a la retirada immediata de la redirecci\u00f3 a aquest lloc web, posant en coneixement de les autoritats competents el contingut en q\u00fcesti\u00f3.<\/p>\n<p class=\"p3\">El RESPONSABLE no es fa responsable de la informaci\u00f3 i continguts emmagatzemats, a titol enunciatiu per\u00f2 no limitatiu, en f\u00f2rums, xats, generadors de blogs, comentaris, xarxes socials o qualsevol altre mitj\u00e0 que permeti a tercers publicar continguts de manera independent en la p\u00e0gina web del RESPONSABLE. No obstant aix\u00f2, i en compliment del que es disposa en els articles 11 i 16 de la LSSICE, es posa a la disposici\u00f3 de tots els usuaris, autoritats i forces de seguretat, col\u00b7laborant de manera activa en la retirada o, en el seu cas, bloqueig de tots aquells continguts que puguin afectar o contravenir la legislaci\u00f3 nacional o internacional, els drets de tercers o la moral i l&#8217;ordre p\u00fablic. En cas que l&#8217;usuari consideri que existeix en el lloc web algun contingut que pogu\u00e9s ser susceptible d&#8217;aquesta classificaci\u00f3, es prega el notifiqui de manera immediata a l&#8217;administrador del lloc web.<\/p>\n<p class=\"p3\">Aquest lloc web ha estat revisat i provat perqu\u00e8 funcioni correctament. En principi, pot garantir-se el correcte funcionament els 365 dies de l&#8217;any, 24 hores al dia. No obstant aix\u00f2, el RESPONSABLE no descarta la possibilitat que existeixin uns certs errors de programaci\u00f3, o que esdevinguin causes de for\u00e7a major, cat\u00e0strofes naturals, vagues o circumst\u00e0ncies semblants que facin impossible l&#8217;acc\u00e9s a la p\u00e0gina web.<\/p>\n<p class=\"p3\"><b>Adreces IP<\/b><\/p>\n<p>&nbsp;<\/p>\n<p class=\"p3\">Els servidors del lloc web podran detectar de manera autom\u00e0tica l&#8217;adre\u00e7a IP i el nom de domini utilitzats per l&#8217;usuari. Una adre\u00e7a IP \u00e9s un n\u00famero assignat autom\u00e0ticament a un ordinador quan aquest es connecta a Internet. Tota aquesta informaci\u00f3 \u00e9s registrada en un fitxer d&#8217;activitat del servidor degudament inscrit que permet el posterior processament de les dades amb la finalitat d&#8217;obtenir mesuraments \u00fanicament estadistics que permetin con\u00e8ixer el nombre d&#8217;impressions de p\u00e0gines, el nombre de visites realitzades als servidors web, l&#8217;ordre de visites, el punt d&#8217;acc\u00e9s, etc.<\/p>\n<p>&nbsp;<\/p>\n<p class=\"p3\"><b>4. LLEI APLICABLE I JURISDICCI\u00d3<\/b><\/p>\n<p class=\"p3\">Per a la resoluci\u00f3 de totes les controv\u00e8rsies o q\u00fcestions relacionades amb el present lloc web o de les activitats en ell desenvolupades, ser\u00e0 aplicable la legislaci\u00f3 espanyola, a la qual se sotmeten expressament les parts, sent competents per a la resoluci\u00f3 de tots els conflictes derivats o relacionats amb el seu \u00fas els Jutjats i Tribunals m\u00e9s pr\u00f2xims a GAV\u00c0.<\/p>\n","protected":false},"excerpt":{"rendered":"<p>Avis Legal A l&#8217;efecte del que disposa l&#8217;article 5 de la Llei org\u00e0nica 15\/1999 de protecci\u00f3 de dades de car\u00e0cter personal, i la LSSICE 34\/2002, d&#8217;11 de juliol, de la Societat de la Informaci\u00f3 i de Comer\u00e7 Electr\u00f2nic, pel qual es regula el dret d&#8217;informaci\u00f3 en la recollida de dades, l&#8217;informem que les seves dades [&hellip;]<\/p>\n","protected":false},"author":1,"featured_media":0,"parent":0,"menu_order":0,"comment_status":"closed","ping_status":"open","template":"","meta":{"footnotes":""},"class_list":["post-1703","page","type-page","status-publish","hentry"],"yoast_head":"<!-- This site is optimized with the Yoast SEO plugin v19.13 - https:\/\/yoast.com\/wordpress\/plugins\/seo\/ -->\n<title>Av\u00eds Legal - Cl\u00ednica Castelldefels<\/title>\n<meta name=\"robots\" content=\"index, follow, max-snippet:-1, max-image-preview:large, max-video-preview:-1\" \/>\n<link rel=\"canonical\" href=\"https:\/\/clinicacastelldefels.com\/ca\/avis-legal\/\" \/>\n<meta property=\"og:locale\" content=\"ca_ES\" \/>\n<meta property=\"og:type\" content=\"article\" \/>\n<meta property=\"og:title\" content=\"Av\u00eds Legal - Cl\u00ednica Castelldefels\" \/>\n<meta property=\"og:description\" content=\"Avis Legal A l&#8217;efecte del que disposa l&#8217;article 5 de la Llei org\u00e0nica 15\/1999 de protecci\u00f3 de dades de car\u00e0cter personal, i la LSSICE 34\/2002, d&#8217;11 de juliol, de la Societat de la Informaci\u00f3 i de Comer\u00e7 Electr\u00f2nic, pel qual es regula el dret d&#8217;informaci\u00f3 en la recollida de dades, l&#8217;informem que les seves dades [&hellip;]\" \/>\n<meta property=\"og:url\" content=\"https:\/\/clinicacastelldefels.com\/ca\/avis-legal\/\" \/>\n<meta property=\"og:site_name\" content=\"Cl\u00ednica Castelldefels\" \/>\n<meta property=\"article:publisher\" content=\"https:\/\/www.facebook.com\/clinicacastelldefels\/\" \/>\n<meta property=\"og:image\" content=\"http:\/\/clinicacastelldefels.com\/wp-content\/uploads\/2021\/06\/Copia-de-Cuidar-de-tu-salud-y-de-quienes-ma\u0301s-quieres-1.png\" \/>\n\t<meta property=\"og:image:width\" content=\"2000\" \/>\n\t<meta property=\"og:image:height\" content=\"1231\" \/>\n\t<meta property=\"og:image:type\" content=\"image\/png\" \/>\n<meta name=\"twitter:card\" content=\"summary_large_image\" \/>\n<meta name=\"twitter:label1\" content=\"Est. reading time\" \/>\n\t<meta name=\"twitter:data1\" content=\"8 minutes\" \/>\n<script type=\"application\/ld+json\" class=\"yoast-schema-graph\">{\"@context\":\"https:\/\/schema.org\",\"@graph\":[{\"@type\":\"WebPage\",\"@id\":\"https:\/\/clinicacastelldefels.com\/ca\/avis-legal\/\",\"url\":\"https:\/\/clinicacastelldefels.com\/ca\/avis-legal\/\",\"name\":\"Av\u00eds Legal - Cl\u00ednica Castelldefels\",\"isPartOf\":{\"@id\":\"https:\/\/clinicacastelldefels.com\/#website\"},\"datePublished\":\"2021-06-09T14:42:30+00:00\",\"dateModified\":\"2021-06-09T14:42:30+00:00\",\"breadcrumb\":{\"@id\":\"https:\/\/clinicacastelldefels.com\/ca\/avis-legal\/#breadcrumb\"},\"inLanguage\":\"ca\",\"potentialAction\":[{\"@type\":\"ReadAction\",\"target\":[\"https:\/\/clinicacastelldefels.com\/ca\/avis-legal\/\"]}]},{\"@type\":\"BreadcrumbList\",\"@id\":\"https:\/\/clinicacastelldefels.com\/ca\/avis-legal\/#breadcrumb\",\"itemListElement\":[{\"@type\":\"ListItem\",\"position\":1,\"name\":\"Cl\u00ednica Castelldefels\",\"item\":\"https:\/\/clinicacastelldefels.com\/\"},{\"@type\":\"ListItem\",\"position\":2,\"name\":\"Av\u00eds Legal\"}]},{\"@type\":\"WebSite\",\"@id\":\"https:\/\/clinicacastelldefels.com\/#website\",\"url\":\"https:\/\/clinicacastelldefels.com\/\",\"name\":\"Cl\u00ednica Castelldefels\",\"description\":\"\",\"potentialAction\":[{\"@type\":\"SearchAction\",\"target\":{\"@type\":\"EntryPoint\",\"urlTemplate\":\"https:\/\/clinicacastelldefels.com\/?s={search_term_string}\"},\"query-input\":\"required name=search_term_string\"}],\"inLanguage\":\"ca\"}]}<\/script>\n<!-- \/ Yoast SEO plugin. -->","yoast_head_json":{"title":"Av\u00eds Legal - Cl\u00ednica Castelldefels","robots":{"index":"index","follow":"follow","max-snippet":"max-snippet:-1","max-image-preview":"max-image-preview:large","max-video-preview":"max-video-preview:-1"},"canonical":"https:\/\/clinicacastelldefels.com\/ca\/avis-legal\/","og_locale":"ca_ES","og_type":"article","og_title":"Av\u00eds Legal - Cl\u00ednica Castelldefels","og_description":"Avis Legal A l&#8217;efecte del que disposa l&#8217;article 5 de la Llei org\u00e0nica 15\/1999 de protecci\u00f3 de dades de car\u00e0cter personal, i la LSSICE 34\/2002, d&#8217;11 de juliol, de la Societat de la Informaci\u00f3 i de Comer\u00e7 Electr\u00f2nic, pel qual es regula el dret d&#8217;informaci\u00f3 en la recollida de dades, l&#8217;informem que les seves dades [&hellip;]","og_url":"https:\/\/clinicacastelldefels.com\/ca\/avis-legal\/","og_site_name":"Cl\u00ednica Castelldefels","article_publisher":"https:\/\/www.facebook.com\/clinicacastelldefels\/","og_image":[{"width":2000,"height":1231,"url":"http:\/\/clinicacastelldefels.com\/wp-content\/uploads\/2021\/06\/Copia-de-Cuidar-de-tu-salud-y-de-quienes-ma\u0301s-quieres-1.png","type":"image\/png"}],"twitter_card":"summary_large_image","twitter_misc":{"Est. reading time":"8 minutes"},"schema":{"@context":"https:\/\/schema.org","@graph":[{"@type":"WebPage","@id":"https:\/\/clinicacastelldefels.com\/ca\/avis-legal\/","url":"https:\/\/clinicacastelldefels.com\/ca\/avis-legal\/","name":"Av\u00eds Legal - Cl\u00ednica Castelldefels","isPartOf":{"@id":"https:\/\/clinicacastelldefels.com\/#website"},"datePublished":"2021-06-09T14:42:30+00:00","dateModified":"2021-06-09T14:42:30+00:00","breadcrumb":{"@id":"https:\/\/clinicacastelldefels.com\/ca\/avis-legal\/#breadcrumb"},"inLanguage":"ca","potentialAction":[{"@type":"ReadAction","target":["https:\/\/clinicacastelldefels.com\/ca\/avis-legal\/"]}]},{"@type":"BreadcrumbList","@id":"https:\/\/clinicacastelldefels.com\/ca\/avis-legal\/#breadcrumb","itemListElement":[{"@type":"ListItem","position":1,"name":"Cl\u00ednica Castelldefels","item":"https:\/\/clinicacastelldefels.com\/"},{"@type":"ListItem","position":2,"name":"Av\u00eds Legal"}]},{"@type":"WebSite","@id":"https:\/\/clinicacastelldefels.com\/#website","url":"https:\/\/clinicacastelldefels.com\/","name":"Cl\u00ednica Castelldefels","description":"","potentialAction":[{"@type":"SearchAction","target":{"@type":"EntryPoint","urlTemplate":"https:\/\/clinicacastelldefels.com\/?s={search_term_string}"},"query-input":"required name=search_term_string"}],"inLanguage":"ca"}]}},"_links":{"self":[{"href":"http:\/\/clinicacastelldefels.com\/ca\/wp-json\/wp\/v2\/pages\/1703","targetHints":{"allow":["GET"]}}],"collection":[{"href":"http:\/\/clinicacastelldefels.com\/ca\/wp-json\/wp\/v2\/pages"}],"about":[{"href":"http:\/\/clinicacastelldefels.com\/ca\/wp-json\/wp\/v2\/types\/page"}],"author":[{"embeddable":true,"href":"http:\/\/clinicacastelldefels.com\/ca\/wp-json\/wp\/v2\/users\/1"}],"replies":[{"embeddable":true,"href":"http:\/\/clinicacastelldefels.com\/ca\/wp-json\/wp\/v2\/comments?post=1703"}],"version-history":[{"count":0,"href":"http:\/\/clinicacastelldefels.com\/ca\/wp-json\/wp\/v2\/pages\/1703\/revisions"}],"wp:attachment":[{"href":"http:\/\/clinicacastelldefels.com\/ca\/wp-json\/wp\/v2\/media?parent=1703"}],"curies":[{"name":"wp","href":"https:\/\/api.w.org\/{rel}","templated":true}]}}